{"id":43,"date":"2022-01-06T10:23:06","date_gmt":"2022-01-06T10:23:06","guid":{"rendered":"https:\/\/www.mzws.pl\/?page_id=43"},"modified":"2022-01-22T18:57:38","modified_gmt":"2022-01-22T17:57:38","slug":"zwiazek","status":"publish","type":"page","link":"https:\/\/www.mzws.pl\/index.php\/zwiazek\/","title":{"rendered":"O nas"},"content":{"rendered":"\n<p>Misj\u0105 MZWS jest zrzeszanie klub\u00f3w i organizacji, uprawiaj\u0105cych wspinaczk\u0119 sportow\u0105, w celu wspierania szkolenia dzieci i m\u0142odzie\u017cy.\u00a0<\/p>\n\n\n\n<p>Zwi\u0105zek pomaga w procesie szkolenia m.in. poprzez organizacj\u0119 warsztat\u00f3w, konsultacji, zgrupowa\u0144. Poprzez ujednolicenie metodyki treningu\u00a0 dba o zr\u00f3wnowa\u017cony rozw\u00f3j psychomotoryczny m\u0142odych zawodnik\u00f3w. Zwi\u0105zek podejmuje dzia\u0142ania, kt\u00f3rych celem jest wzbudzanie pasji do wspinaczki, a nast\u0119pnie wy\u0142ania najzdolniejszych zawodnik\u00f3w i asystuje w doprowadzeniu ich do mistrzostwa sportowego, z dba\u0142o\u015bci\u0105 o zachowanie r\u00f3wnowagi emocjonalnej. <\/p>\n\n\n\n<p>MZWS organizuje i wspiera organizacj\u0119 zawod\u00f3w sportowych.\u00a0<\/p>\n","protected":false},"excerpt":{"rendered":"<p>Misj\u0105 MZWS jest zrzeszanie klub\u00f3w i organizacji, uprawiaj\u0105cych wspinaczk\u0119 sportow\u0105, w celu wspierania szkolenia dzieci i m\u0142odzie\u017cy.\u00a0 Zwi\u0105zek pomaga w<\/p>\n","protected":false},"author":1,"featured_media":0,"parent":0,"menu_order":0,"comment_status":"closed","ping_status":"closed","template":"","meta":[],"_links":{"self":[{"href":"https:\/\/www.mzws.pl\/index.php\/wp-json\/wp\/v2\/pages\/43"}],"collection":[{"href":"https:\/\/www.mzws.pl\/index.php\/wp-json\/wp\/v2\/pages"}],"about":[{"href":"https:\/\/www.mzws.pl\/index.php\/wp-json\/wp\/v2\/types\/page"}],"author":[{"embeddable":true,"href":"https:\/\/www.mzws.pl\/index.php\/wp-json\/wp\/v2\/users\/1"}],"replies":[{"embeddable":true,"href":"https:\/\/www.mzws.pl\/index.php\/wp-json\/wp\/v2\/comments?post=43"}],"version-history":[{"count":3,"href":"https:\/\/www.mzws.pl\/index.php\/wp-json\/wp\/v2\/pages\/43\/revisions"}],"predecessor-version":[{"id":171,"href":"https:\/\/www.mzws.pl\/index.php\/wp-json\/wp\/v2\/pages\/43\/revisions\/171"}],"wp:attachment":[{"href":"https:\/\/www.mzws.pl\/index.php\/wp-json\/wp\/v2\/media?parent=43"}],"curies":[{"name":"wp","href":"https:\/\/api.w.org\/{rel}","templated":true}]}}