{"id":44,"date":"2022-01-06T10:22:32","date_gmt":"2022-01-06T10:22:32","guid":{"rendered":"https:\/\/www.mzws.pl\/?page_id=44"},"modified":"2022-01-06T20:29:11","modified_gmt":"2022-01-06T20:29:11","slug":"kluby","status":"publish","type":"page","link":"https:\/\/www.mzws.pl\/index.php\/kluby\/","title":{"rendered":"Kluby"},"content":{"rendered":"\n<ul><li><a href=\"https:\/\/uks-lider.pl\">UKS-LIDER (Siercza)<\/a><\/li><li><a href=\"https:\/\/myavatar.pl\">AVATAR (Krak\u00f3w)<\/a><\/li><li><a href=\"https:\/\/www.facebook.com\/KlubSportowyMOVE\/\">MOVE AVATAR (Krak\u00f3w)<\/a><\/li><li><a href=\"https:\/\/www.facebook.com\/wspinanieprogress\">PROGRES (Krak\u00f3w)<\/a><\/li><\/ul>\n\n\n\n<p><\/p>\n","protected":false},"excerpt":{"rendered":"<p>UKS-LIDER (Siercza) AVATAR (Krak\u00f3w) MOVE AVATAR (Krak\u00f3w) PROGRES (Krak\u00f3w)<\/p>\n","protected":false},"author":1,"featured_media":0,"parent":0,"menu_order":0,"comment_status":"closed","ping_status":"closed","template":"","meta":[],"_links":{"self":[{"href":"https:\/\/www.mzws.pl\/index.php\/wp-json\/wp\/v2\/pages\/44"}],"collection":[{"href":"https:\/\/www.mzws.pl\/index.php\/wp-json\/wp\/v2\/pages"}],"about":[{"href":"https:\/\/www.mzws.pl\/index.php\/wp-json\/wp\/v2\/types\/page"}],"author":[{"embeddable":true,"href":"https:\/\/www.mzws.pl\/index.php\/wp-json\/wp\/v2\/users\/1"}],"replies":[{"embeddable":true,"href":"https:\/\/www.mzws.pl\/index.php\/wp-json\/wp\/v2\/comments?post=44"}],"version-history":[{"count":4,"href":"https:\/\/www.mzws.pl\/index.php\/wp-json\/wp\/v2\/pages\/44\/revisions"}],"predecessor-version":[{"id":97,"href":"https:\/\/www.mzws.pl\/index.php\/wp-json\/wp\/v2\/pages\/44\/revisions\/97"}],"wp:attachment":[{"href":"https:\/\/www.mzws.pl\/index.php\/wp-json\/wp\/v2\/media?parent=44"}],"curies":[{"name":"wp","href":"https:\/\/api.w.org\/{rel}","templated":true}]}}